{"id":598,"date":"2013-05-13T13:58:40","date_gmt":"2013-05-13T13:58:40","guid":{"rendered":"http:\/\/www.nutriprove.cl\/?page_id=598"},"modified":"2013-05-15T14:00:22","modified_gmt":"2013-05-15T14:00:22","slug":"testimoniales","status":"publish","type":"page","link":"https:\/\/www.nutriprove.cl\/?page_id=598","title":{"rendered":"Testimoniales"},"content":{"rendered":"<p><img decoding=\"async\" loading=\"lazy\" src-thumbnail=\"http:\/\/www.nutriprove.cl\/wp-content\/uploads\/testimoniales-01-150x150.jpg\" src-medium=\"http:\/\/www.nutriprove.cl\/wp-content\/uploads\/testimoniales-01-300x240.jpg\" src-large=\"http:\/\/www.nutriprove.cl\/wp-content\/uploads\/testimoniales-01.jpg\" src-full=\"http:\/\/www.nutriprove.cl\/wp-content\/uploads\/testimoniales-01.jpg\" src=\"http:\/\/www.nutriprove.cl\/wp-content\/uploads\/testimoniales-01.jpg\" alt=\"testimoniales-01\" title=\"\" height=\"320\" width=\"400\" class=\"alignright size-full wp-image-603\" srcset=\"https:\/\/www.nutriprove.cl\/wp-content\/uploads\/testimoniales-01.jpg 400w, https:\/\/www.nutriprove.cl\/wp-content\/uploads\/testimoniales-01-300x240.jpg 300w\" sizes=\"(max-width: 400px) 100vw, 400px\" \/><strong>Ricardo Pereira Baehr, administrador de Vi\u00f1a San Pedro, Molina:<\/strong><br \/>\n\u201cNufresh es altamente eficaz para el control de da\u00f1o por sol, pues genera racimos con un alto potencial rendimiento y una alta calidad de fruta, muy \u00f3ptima para vinificaci\u00f3n de vinos de alta gama. Esto representa una soluci\u00f3n a un grave problema que afecta a las vi\u00f1as de las distintas zonas productoras de Chile\u201d.<\/p>\n<p><strong>Eduardo Engber, administrador de Torremolinos:<\/strong><br \/>\n\u201cOasis es un excelente producto para el stress h\u00eddrico y da\u00f1o por sol en ar\u00e1ndanos, y que genera importantes ganancias en calibre, calidad de fruta y rendimiento\u201d.<\/p>\n<p>El <strong>Departamento T\u00e9cnico Unifrutti<\/strong> se\u00f1ala que Suncrops es un excelente producto que no genera residuos en la fruta, ya que tiene muy buena diluci\u00f3n, con un comportamiento superior a los protectores solares utilizados en manzanos convencionalmente.<\/p>\n","protected":false},"excerpt":{"rendered":"<p>Ricardo Pereira Baehr, administrador de Vi\u00f1a San Pedro, Molina: \u201cNufresh es altamente eficaz para el control de da\u00f1o por sol, pues genera racimos con un alto potencial rendimiento y una alta calidad de fruta, muy \u00f3ptima para vinificaci\u00f3n de vinos &hellip; <a href=\"https:\/\/www.nutriprove.cl\/?page_id=598\">Continue reading <span class=\"meta-nav\">&rarr;<\/span><\/a><\/p>\n","protected":false},"author":2,"featured_media":0,"parent":0,"menu_order":19,"comment_status":"open","ping_status":"open","template":"onecolumn-page.php","meta":{"ngg_post_thumbnail":0,"footnotes":""},"_links":{"self":[{"href":"https:\/\/www.nutriprove.cl\/index.php?rest_route=\/wp\/v2\/pages\/598"}],"collection":[{"href":"https:\/\/www.nutriprove.cl\/index.php?rest_route=\/wp\/v2\/pages"}],"about":[{"href":"https:\/\/www.nutriprove.cl\/index.php?rest_route=\/wp\/v2\/types\/page"}],"author":[{"embeddable":true,"href":"https:\/\/www.nutriprove.cl\/index.php?rest_route=\/wp\/v2\/users\/2"}],"replies":[{"embeddable":true,"href":"https:\/\/www.nutriprove.cl\/index.php?rest_route=%2Fwp%2Fv2%2Fcomments&post=598"}],"version-history":[{"count":0,"href":"https:\/\/www.nutriprove.cl\/index.php?rest_route=\/wp\/v2\/pages\/598\/revisions"}],"wp:attachment":[{"href":"https:\/\/www.nutriprove.cl\/index.php?rest_route=%2Fwp%2Fv2%2Fmedia&parent=598"}],"curies":[{"name":"wp","href":"https:\/\/api.w.org\/{rel}","templated":true}]}}