{"id":280,"date":"2013-05-12T13:50:11","date_gmt":"2013-05-12T13:50:11","guid":{"rendered":"http:\/\/www.nutriprove.cl\/?page_id=280"},"modified":"2015-04-27T23:40:43","modified_gmt":"2015-04-28T03:40:43","slug":"suncrops-manzanos","status":"publish","type":"page","link":"https:\/\/www.nutriprove.cl\/?page_id=280","title":{"rendered":"Suncrops: Investigaci\u00f3n &#8211; Manzanos"},"content":{"rendered":"<p><img decoding=\"async\" loading=\"lazy\" src-thumbnail=\"http:\/\/www.nutriprove.cl\/wp-content\/uploads\/presentacion-tomates-150x150.jpg\" src-medium=\"http:\/\/www.nutriprove.cl\/wp-content\/uploads\/presentacion-tomates-300x63.jpg\" src-large=\"http:\/\/www.nutriprove.cl\/wp-content\/uploads\/presentacion-tomates.jpg\" src-full=\"http:\/\/www.nutriprove.cl\/wp-content\/uploads\/presentacion-tomates.jpg\" src=\"http:\/\/www.nutriprove.cl\/wp-content\/uploads\/presentacion-tomates.jpg\" alt=\"presentacion-tomates\" title=\"\" height=\"200\" width=\"940\" class=\"alignnone size-full wp-image-554\" srcset=\"https:\/\/www.nutriprove.cl\/wp-content\/uploads\/presentacion-tomates.jpg 940w, https:\/\/www.nutriprove.cl\/wp-content\/uploads\/presentacion-tomates-300x63.jpg 300w\" sizes=\"(max-width: 940px) 100vw, 940px\" \/><\/p>\n<h1>Investigaci\u00f3n: Evaluaci\u00f3n en el control de da\u00f1o por sol en frutos de manzana<\/h1>\n<p>\n<!-- the tabs --><ul class=\"tabs\"><li><a href=\"#t1\">Espa\u00f1ol<\/a><\/li>\n<li><a href=\"#t2\">English<\/a><\/li><\/ul>\n<!-- tab \"panes\" --><ul class=\"tabs-content\"><li id=\"t1Tab\"><br \/>\n<div class=\"button small left\"><a target=\"_self\" class=\"button lightgreen\" href=\"http:\/\/www.nutriprove.cl\/wp-content\/uploads\/investigacion-suncrops.pdf\">Descargar<\/a><\/div><br \/>\n<iframe src=\"\/\/docs.google.com\/viewer?url=http%3A%2F%2Fwww.nutriprove.cl%2Fwp-content%2Fuploads%2Finvestigacion-suncrops.pdf&hl=es&embedded=true\" class=\"gde-frame\" style=\"width:100%; height:500px; border: none;\" scrolling=\"no\"><\/iframe>\n<p class=\"gde-text\"><a href=\"http:\/\/www.nutriprove.cl\/wp-content\/uploads\/investigacion-suncrops.pdf\" class=\"gde-link\">Descargar (PDF, Desconocido)<\/a><\/p><br \/>\n<\/li>\n<li id=\"t2Tab\"><br \/>\n<div class=\"button small left\"><a target=\"_self\" class=\"button lightgreen\" href=\"http:\/\/www.nutriprove.cl\/wp-content\/uploads\/investigacion-suncrops-eng.pdf\">Download<\/a><\/div><br \/>\n<iframe src=\"\/\/docs.google.com\/viewer?url=http%3A%2F%2Fwww.nutriprove.cl%2Fwp-content%2Fuploads%2Finvestigacion-suncrops-eng.pdf&hl=es&embedded=true\" class=\"gde-frame\" style=\"width:100%; height:500px; border: none;\" scrolling=\"no\"><\/iframe>\n<p class=\"gde-text\"><a href=\"http:\/\/www.nutriprove.cl\/wp-content\/uploads\/investigacion-suncrops-eng.pdf\" class=\"gde-link\">Descargar (PDF, Desconocido)<\/a><\/p><br \/>\n<\/li><\/ul>\n<\/p>\n","protected":false},"excerpt":{"rendered":"<p>Investigaci\u00f3n: Evaluaci\u00f3n en el control de da\u00f1o por sol en frutos de manzana<\/p>\n","protected":false},"author":2,"featured_media":0,"parent":47,"menu_order":12,"comment_status":"open","ping_status":"closed","template":"onecolumn-page.php","meta":{"ngg_post_thumbnail":0,"footnotes":""},"_links":{"self":[{"href":"https:\/\/www.nutriprove.cl\/index.php?rest_route=\/wp\/v2\/pages\/280"}],"collection":[{"href":"https:\/\/www.nutriprove.cl\/index.php?rest_route=\/wp\/v2\/pages"}],"about":[{"href":"https:\/\/www.nutriprove.cl\/index.php?rest_route=\/wp\/v2\/types\/page"}],"author":[{"embeddable":true,"href":"https:\/\/www.nutriprove.cl\/index.php?rest_route=\/wp\/v2\/users\/2"}],"replies":[{"embeddable":true,"href":"https:\/\/www.nutriprove.cl\/index.php?rest_route=%2Fwp%2Fv2%2Fcomments&post=280"}],"version-history":[{"count":2,"href":"https:\/\/www.nutriprove.cl\/index.php?rest_route=\/wp\/v2\/pages\/280\/revisions"}],"predecessor-version":[{"id":1640,"href":"https:\/\/www.nutriprove.cl\/index.php?rest_route=\/wp\/v2\/pages\/280\/revisions\/1640"}],"up":[{"embeddable":true,"href":"https:\/\/www.nutriprove.cl\/index.php?rest_route=\/wp\/v2\/pages\/47"}],"wp:attachment":[{"href":"https:\/\/www.nutriprove.cl\/index.php?rest_route=%2Fwp%2Fv2%2Fmedia&parent=280"}],"curies":[{"name":"wp","href":"https:\/\/api.w.org\/{rel}","templated":true}]}}