{"id":140,"date":"2013-04-15T14:11:01","date_gmt":"2013-04-15T14:11:01","guid":{"rendered":"http:\/\/www.nutriprove.cl\/?page_id=140"},"modified":"2015-04-27T22:33:48","modified_gmt":"2015-04-28T02:33:48","slug":"nutriprove","status":"publish","type":"page","link":"https:\/\/www.nutriprove.cl\/?page_id=140","title":{"rendered":"Sobre Nutriprove"},"content":{"rendered":"<p><img decoding=\"async\" loading=\"lazy\" src-thumbnail=\"http:\/\/www.nutriprove.cl\/wp-content\/uploads\/presentacion-uva-azul-150x150.jpg\" src-medium=\"http:\/\/www.nutriprove.cl\/wp-content\/uploads\/presentacion-uva-azul-300x63.jpg\" src-large=\"http:\/\/www.nutriprove.cl\/wp-content\/uploads\/presentacion-uva-azul.jpg\" src-full=\"http:\/\/www.nutriprove.cl\/wp-content\/uploads\/presentacion-uva-azul.jpg\" src=\"http:\/\/www.nutriprove.cl\/wp-content\/uploads\/presentacion-uva-azul.jpg\" alt=\"presentacion-uva-azul\" title=\"\" height=\"200\" width=\"940\" class=\"alignnone size-full wp-image-392\" srcset=\"https:\/\/www.nutriprove.cl\/wp-content\/uploads\/presentacion-uva-azul.jpg 940w, https:\/\/www.nutriprove.cl\/wp-content\/uploads\/presentacion-uva-azul-300x63.jpg 300w\" sizes=\"(max-width: 940px) 100vw, 940px\" \/><\/p>\n<h1>Nutriprove<\/h1>\n<p>Nutriprove S.A. es una empresa proveedora de insumos para el \u00e1rea agr\u00edcola, especializada en el desarrollo, elaboraci\u00f3n y distribuci\u00f3n de protectores solares vegetales, los cuales est\u00e1n orientados al manejo de stress abi\u00f3ticos: stress por fr\u00edo, stress t\u00e9rmico por altas temperaturas, y stress h\u00eddrico, entre otros.<\/p>\n<p>Distribuimos productos de las marcas Suncrops, Fresh, Nufresh, Oasis, Protecsol Plus, y Coolprotect, las cuales son ampliamente reconocidas en el mercado, y se emplean en los m\u00e1s importantes pa\u00edses productores de frutas, vides vin\u00edferas, vides de mesa y hortalizas, como Australia, Argentina, Chile, M\u00e9xico, Per\u00fa, Colombia, Nueva Zelanda, Estados Unidos, Italia y Sud\u00e1frica.<\/p>\n<p>Contamos con una trayectoria de m\u00e1s de quince a\u00f1os en el mercado de caolines agr\u00edcolas e industriales, atendiendo a las formuladoras de agroqu\u00edmicos de Chile; y tenemos m\u00e1s de cinco a\u00f1os de experiencia en la creaci\u00f3n y formulaci\u00f3n de nuevas soluciones para la protecci\u00f3n solar vegetal con marcas y patentes propiedad de Nutriprove S.A.<\/p>\n<p>Nuestros productos cuentan con las certificaciones y registros org\u00e1nicos de las certificadoras IMO y BCS. Nuestros altos est\u00e1ndares de control de calidad y trazabilidad de lotes, junto con la excelencia de las materias primas utilizadas en los procesos de fabricaci\u00f3n, garantizan nuestros productos.<\/p>\n<p>El a\u00f1o 2012 con el apoyo de la incubadora de negocios CRECE de la Universidad Cat\u00f3lica del Maule, recibimos un importante apoyo de la Corporaci\u00f3n de Fomento CORFO, a trav\u00e9s del Concurso Capital Semilla, destac\u00e1ndonos como una de las empresas m\u00e1s innovadoras en el \u00e1rea agr\u00edcola. Nuestra investigaciones han recibido el respaldo de CORFO, y est\u00e1n sujetas a los est\u00edmulos tributarios a trav\u00e9s de las l\u00edneas de I+D de INNOVA.<\/p>\n<p>Somos una empresa que realiza investigaciones con universidades y centros de desarrollo en Chile y otros pa\u00edses. Entre estas investigaciones podemos mencionar:<\/p>\n<p>Desarrollo de un protector solar para uvas vin\u00edferas en asociaci\u00f3n con la Universidad de Talca (investigador Felipe Laurie), la vi\u00f1a San Pedro (Ricardo Pereira Baehr) y Nufarm Ltda (investigador Osvaldo Rubi G.), en el a\u00f1o 2011.<\/p>\n<p>Desarrollo de un protector solar para uva de mesa y ar\u00e1ndanos en conjunto con el Instituto Nacional de Investigaciones Agropecuarias INIA (investigador Antonio Ibacache) en el a\u00f1o 2012.<\/p>\n<p>Desarrollo de un protector solar vegetal para el mercado argentino de pom\u00e1ceas, en alianza con Universidad Nacional de Comahue (profesional a cargo: Eddy Fuchs), y en convenio con Carontis S.A, empresa del grupo Italpollina SPA.<\/p>\n<p>Nuestro equipo de profesionales incluye ingenieros civiles qu\u00edmicos, ingenieros agr\u00f3nomos e ingenieros en alimentos, altamente calificados y especializados en protecci\u00f3n vegetal, los cuales formulan, certifican y generan productos con atenci\u00f3n a las necesidades tecnol\u00f3gicas y los objetivos estrat\u00e9gicos del mercado, permitiendo a los productores aprovechar las ventajas que ofrece nuestra tecnolog\u00eda.<\/p>\n<p>Realizamos adem\u00e1s una destacada labor de extensi\u00f3n mediante charlas y documentos t\u00e9cnicos que orientan a agr\u00f3nomos, asesores y productores agr\u00edcolas de todo el mundo.<\/p>\n<p>Trabajamos con el objetivo de ayudar a nuestros clientes en la obtenci\u00f3n de una mayor rentabilidad, a trav\u00e9s de mejores rendimientos y calidad de sus productos hort\u00edcolas.<\/p>\n","protected":false},"excerpt":{"rendered":"<p>Nutriprove Nutriprove S.A. es una empresa proveedora de insumos para el \u00e1rea agr\u00edcola, especializada en el desarrollo, elaboraci\u00f3n y distribuci\u00f3n de protectores solares vegetales, los cuales est\u00e1n orientados al manejo de stress abi\u00f3ticos: stress por fr\u00edo, stress t\u00e9rmico por altas &hellip; <a href=\"https:\/\/www.nutriprove.cl\/?page_id=140\">Continue reading <span class=\"meta-nav\">&rarr;<\/span><\/a><\/p>\n","protected":false},"author":2,"featured_media":0,"parent":81,"menu_order":0,"comment_status":"open","ping_status":"closed","template":"onecolumn-page.php","meta":{"ngg_post_thumbnail":0,"footnotes":""},"_links":{"self":[{"href":"https:\/\/www.nutriprove.cl\/index.php?rest_route=\/wp\/v2\/pages\/140"}],"collection":[{"href":"https:\/\/www.nutriprove.cl\/index.php?rest_route=\/wp\/v2\/pages"}],"about":[{"href":"https:\/\/www.nutriprove.cl\/index.php?rest_route=\/wp\/v2\/types\/page"}],"author":[{"embeddable":true,"href":"https:\/\/www.nutriprove.cl\/index.php?rest_route=\/wp\/v2\/users\/2"}],"replies":[{"embeddable":true,"href":"https:\/\/www.nutriprove.cl\/index.php?rest_route=%2Fwp%2Fv2%2Fcomments&post=140"}],"version-history":[{"count":1,"href":"https:\/\/www.nutriprove.cl\/index.php?rest_route=\/wp\/v2\/pages\/140\/revisions"}],"predecessor-version":[{"id":1579,"href":"https:\/\/www.nutriprove.cl\/index.php?rest_route=\/wp\/v2\/pages\/140\/revisions\/1579"}],"up":[{"embeddable":true,"href":"https:\/\/www.nutriprove.cl\/index.php?rest_route=\/wp\/v2\/pages\/81"}],"wp:attachment":[{"href":"https:\/\/www.nutriprove.cl\/index.php?rest_route=%2Fwp%2Fv2%2Fmedia&parent=140"}],"curies":[{"name":"wp","href":"https:\/\/api.w.org\/{rel}","templated":true}]}}